{"id":16,"date":"2024-10-24T16:10:49","date_gmt":"2024-10-24T14:10:49","guid":{"rendered":"http:\/\/pierrelasserre.fr\/?page_id=16"},"modified":"2024-10-28T22:20:09","modified_gmt":"2024-10-28T21:20:09","slug":"pierre-lasserre","status":"publish","type":"page","link":"https:\/\/pierrelasserre.fr\/index.php\/pierre-lasserre\/","title":{"rendered":"Pierre Lasserre"},"content":{"rendered":"<p><div class=\"fusion-fullwidth fullwidth-box fusion-builder-row-1 fusion-flex-container has-pattern-background has-mask-background nonhundred-percent-fullwidth non-hundred-percent-height-scrolling\" style=\"--awb-border-radius-top-left:0px;--awb-border-radius-top-right:0px;--awb-border-radius-bottom-right:0px;--awb-border-radius-bottom-left:0px;--awb-margin-top:-50px;--awb-margin-bottom:60px;--awb-flex-wrap:wrap;\" ><div class=\"fusion-builder-row fusion-row fusion-flex-align-items-center fusion-flex-justify-content-center fusion-flex-content-wrap\" style=\"max-width:1248px;margin-left: calc(-4% \/ 2 );margin-right: calc(-4% \/ 2 );\"><div class=\"fusion-layout-column fusion_builder_column fusion-builder-column-0 fusion_builder_column_4_5 4_5 fusion-flex-column\" style=\"--awb-bg-size:cover;--awb-width-large:80%;--awb-margin-top-large:0px;--awb-spacing-right-large:2.4%;--awb-margin-bottom-large:20px;--awb-spacing-left-large:2.4%;--awb-width-medium:80%;--awb-order-medium:0;--awb-spacing-right-medium:2.4%;--awb-spacing-left-medium:2.4%;--awb-width-small:100%;--awb-order-small:0;--awb-spacing-right-small:1.92%;--awb-spacing-left-small:1.92%;\"><div class=\"fusion-column-wrapper fusion-column-has-shadow fusion-flex-justify-content-flex-start fusion-content-layout-column\"><div class=\"fusion-image-element \" style=\"--awb-caption-title-font-family:var(--h2_typography-font-family);--awb-caption-title-font-weight:var(--h2_typography-font-weight);--awb-caption-title-font-style:var(--h2_typography-font-style);--awb-caption-title-size:var(--h2_typography-font-size);--awb-caption-title-transform:var(--h2_typography-text-transform);--awb-caption-title-line-height:var(--h2_typography-line-height);--awb-caption-title-letter-spacing:var(--h2_typography-letter-spacing);\"><span class=\" fusion-imageframe imageframe-none imageframe-1 hover-type-none\" style=\"border:4px solid var(--awb-color2);\"><img decoding=\"async\" width=\"1500\" height=\"1000\" alt=\"pierre lasserre photographe\" title=\"pierre lasserre photographe\" src=\"http:\/\/pierrelasserre.fr\/wp-content\/uploads\/2024\/10\/photo-voyage13.jpg\" class=\"img-responsive wp-image-79\" srcset=\"https:\/\/pierrelasserre.fr\/wp-content\/uploads\/2024\/10\/photo-voyage13-200x133.jpg?v=1730809670 200w, https:\/\/pierrelasserre.fr\/wp-content\/uploads\/2024\/10\/photo-voyage13-300x200.jpg?v=1730809670 300w, https:\/\/pierrelasserre.fr\/wp-content\/uploads\/2024\/10\/photo-voyage13-400x267.jpg?v=1730809670 400w, https:\/\/pierrelasserre.fr\/wp-content\/uploads\/2024\/10\/photo-voyage13-600x400.jpg?v=1730809670 600w, https:\/\/pierrelasserre.fr\/wp-content\/uploads\/2024\/10\/photo-voyage13-768x512.jpg?v=1730809670 768w, https:\/\/pierrelasserre.fr\/wp-content\/uploads\/2024\/10\/photo-voyage13-800x533.jpg?v=1730809670 800w, https:\/\/pierrelasserre.fr\/wp-content\/uploads\/2024\/10\/photo-voyage13-1024x683.jpg?v=1730809670 1024w, https:\/\/pierrelasserre.fr\/wp-content\/uploads\/2024\/10\/photo-voyage13-1200x800.jpg?v=1730809670 1200w, https:\/\/pierrelasserre.fr\/wp-content\/uploads\/2024\/10\/photo-voyage13.jpg?v=1730809670 1500w\" sizes=\"(max-width: 640px) 100vw, 1200px\" \/><\/span><\/div><\/div><\/div><\/div><\/div><div class=\"fusion-fullwidth fullwidth-box fusion-builder-row-2 fusion-flex-container has-pattern-background has-mask-background nonhundred-percent-fullwidth non-hundred-percent-height-scrolling\" style=\"--awb-border-radius-top-left:0px;--awb-border-radius-top-right:0px;--awb-border-radius-bottom-right:0px;--awb-border-radius-bottom-left:0px;--awb-padding-right:10%;--awb-padding-left:10%;--awb-flex-wrap:wrap;\" ><div class=\"fusion-builder-row fusion-row fusion-flex-align-items-center fusion-flex-justify-content-center fusion-flex-content-wrap\" style=\"max-width:1248px;margin-left: calc(-4% \/ 2 );margin-right: calc(-4% \/ 2 );\"><div class=\"fusion-layout-column fusion_builder_column fusion-builder-column-1 fusion_builder_column_2_5 2_5 fusion-flex-column\" style=\"--awb-bg-size:cover;--awb-width-large:40%;--awb-margin-top-large:0px;--awb-spacing-right-large:4.8%;--awb-margin-bottom-large:20px;--awb-spacing-left-large:4.8%;--awb-width-medium:40%;--awb-order-medium:0;--awb-spacing-right-medium:4.8%;--awb-spacing-left-medium:4.8%;--awb-width-small:100%;--awb-order-small:0;--awb-spacing-right-small:1.92%;--awb-spacing-left-small:1.92%;\" data-scroll-devices=\"small-visibility,medium-visibility,large-visibility\"><div class=\"fusion-column-wrapper fusion-column-has-shadow fusion-flex-justify-content-flex-start fusion-content-layout-column\"><div class=\"fusion-title title fusion-title-1 fusion-sep-none fusion-title-text fusion-title-size-two\" style=\"--awb-margin-bottom:20px;--awb-font-size:40px;\"><h2 class=\"fusion-title-heading title-heading-left\" style=\"font-family:&quot;Quicksand&quot;;font-style:normal;font-weight:300;margin:0;font-size:1em;\"><p style=\"text-align: center;\">Pierre Lasserre<br \/>\nPhotographe<\/p><\/h2><\/div><div class=\"fusion-text fusion-text-1\" style=\"--awb-font-size:18px;\"><p style=\"text-align: center;\"><a class=\"o_h J_x mq_CZ G_e r_P C_Z29WjXl S4_U ac_CI rtlI_dz_sSg\" title=\"pilatu@gmail.com\" href=\"mailto:pilatu@gmail.com\" data-test-id=\"contact-card-email\">pilatu@gmail.com<\/a><\/p>\n<p style=\"text-align: center;\">06.13.82.91.31<\/p>\n<\/div><\/div><\/div><div class=\"fusion-layout-column fusion_builder_column fusion-builder-column-2 fusion_builder_column_3_5 3_5 fusion-flex-column\" style=\"--awb-padding-left:35px;--awb-bg-size:cover;--awb-border-color:var(--awb-color1);--awb-border-left:2px;--awb-border-style:solid;--awb-width-large:60%;--awb-margin-top-large:0px;--awb-spacing-right-large:3.2%;--awb-margin-bottom-large:20px;--awb-spacing-left-large:3.2%;--awb-width-medium:60%;--awb-order-medium:0;--awb-spacing-right-medium:3.2%;--awb-spacing-left-medium:3.2%;--awb-width-small:100%;--awb-order-small:0;--awb-spacing-right-small:1.92%;--awb-spacing-left-small:1.92%;\" data-scroll-devices=\"small-visibility,medium-visibility,large-visibility\"><div class=\"fusion-column-wrapper fusion-column-has-shadow fusion-flex-justify-content-flex-start fusion-content-layout-column\"><div class=\"fusion-text fusion-text-2\"><p><img decoding=\"async\" class=\"alignnone wp-image-27\" src=\"http:\/\/pierrelasserre.fr\/wp-content\/uploads\/2024\/10\/guillemets-e1729846666160.png\" alt=\"\" width=\"20\" height=\"18\" \/> Baign\u00e9 dans l\u2019image depuis tr\u00e8s longtemps, j\u2019ai \u00e9t\u00e9 rapidement passionn\u00e9 par la photographie. Apr\u00e8s des ann\u00e9es de pratique et de pers\u00e9v\u00e9rance, je suis parvenu \u00e0 \u00eatre cameraman durant ma p\u00e9riode parisienne. J\u2019ai pu entre autre travailler sur des plateaux TV, des festivals, des concerts de musique classique, des documentaires \u00e0 l\u2019\u00e9tranger, en gardant ent\u00eate que l\u2019image fait partie int\u00e9grante de ma vie. <img decoding=\"async\" class=\"alignnone wp-image-28\" src=\"http:\/\/pierrelasserre.fr\/wp-content\/uploads\/2024\/10\/guillemets1.png\" alt=\"\" width=\"20\" height=\"29\" \/><\/p>\n<\/div><\/div><\/div><\/div><\/div><\/p>\n","protected":false},"excerpt":{"rendered":"","protected":false},"author":1,"featured_media":122,"parent":0,"menu_order":0,"comment_status":"closed","ping_status":"closed","template":"100-width.php","meta":{"footnotes":""},"class_list":["post-16","page","type-page","status-publish","has-post-thumbnail","hentry"],"yoast_head":"<!-- This site is optimized with the Yoast SEO plugin v26.1.1 - https:\/\/yoast.com\/wordpress\/plugins\/seo\/ -->\n<title>Pierre Lasserre - Photographe - Bordeaux<\/title>\n<meta name=\"description\" content=\"Baign\u00e9 dans l\u2019image depuis tr\u00e8s longtemps, j\u2019ai \u00e9t\u00e9 rapidement passionn\u00e9 par la photographie. Apr\u00e8s des ann\u00e9es de pratique et de pers\u00e9v\u00e9rance, je suis parvenu \u00e0 \u00eatre cameraman durant ma p\u00e9riode parisienne.\" \/>\n<meta name=\"robots\" content=\"index, follow, max-snippet:-1, max-image-preview:large, max-video-preview:-1\" \/>\n<link rel=\"canonical\" href=\"https:\/\/pierrelasserre.fr\/index.php\/pierre-lasserre\/\" \/>\n<meta property=\"og:locale\" content=\"fr_FR\" \/>\n<meta property=\"og:type\" content=\"article\" \/>\n<meta property=\"og:title\" content=\"Pierre Lasserre - Photographe - Bordeaux\" \/>\n<meta property=\"og:description\" content=\"Baign\u00e9 dans l\u2019image depuis tr\u00e8s longtemps, j\u2019ai \u00e9t\u00e9 rapidement passionn\u00e9 par la photographie. Apr\u00e8s des ann\u00e9es de pratique et de pers\u00e9v\u00e9rance, je suis parvenu \u00e0 \u00eatre cameraman durant ma p\u00e9riode parisienne.\" \/>\n<meta property=\"og:url\" content=\"https:\/\/pierrelasserre.fr\/index.php\/pierre-lasserre\/\" \/>\n<meta property=\"og:site_name\" content=\"Pierre Lasserre\" \/>\n<meta property=\"article:modified_time\" content=\"2024-10-28T21:20:09+00:00\" \/>\n<meta property=\"og:image\" content=\"http:\/\/pierrelasserre.fr\/wp-content\/uploads\/2024\/10\/photo-voyage13-1.jpg\" \/>\n\t<meta property=\"og:image:width\" content=\"1500\" \/>\n\t<meta property=\"og:image:height\" content=\"1000\" \/>\n\t<meta property=\"og:image:type\" content=\"image\/jpeg\" \/>\n<meta name=\"twitter:card\" content=\"summary_large_image\" \/>\n<meta name=\"twitter:label1\" content=\"Dur\u00e9e de lecture estim\u00e9e\" \/>\n\t<meta name=\"twitter:data1\" content=\"2 minutes\" \/>\n<script type=\"application\/ld+json\" class=\"yoast-schema-graph\">{\"@context\":\"https:\/\/schema.org\",\"@graph\":[{\"@type\":\"WebPage\",\"@id\":\"https:\/\/pierrelasserre.fr\/index.php\/pierre-lasserre\/\",\"url\":\"https:\/\/pierrelasserre.fr\/index.php\/pierre-lasserre\/\",\"name\":\"Pierre Lasserre - Photographe - Bordeaux\",\"isPartOf\":{\"@id\":\"https:\/\/pierrelasserre.fr\/#website\"},\"primaryImageOfPage\":{\"@id\":\"https:\/\/pierrelasserre.fr\/index.php\/pierre-lasserre\/#primaryimage\"},\"image\":{\"@id\":\"https:\/\/pierrelasserre.fr\/index.php\/pierre-lasserre\/#primaryimage\"},\"thumbnailUrl\":\"https:\/\/pierrelasserre.fr\/wp-content\/uploads\/2024\/10\/photo-voyage13-1.jpg?v=1730809585\",\"datePublished\":\"2024-10-24T14:10:49+00:00\",\"dateModified\":\"2024-10-28T21:20:09+00:00\",\"description\":\"Baign\u00e9 dans l\u2019image depuis tr\u00e8s longtemps, j\u2019ai \u00e9t\u00e9 rapidement passionn\u00e9 par la photographie. Apr\u00e8s des ann\u00e9es de pratique et de pers\u00e9v\u00e9rance, je suis parvenu \u00e0 \u00eatre cameraman durant ma p\u00e9riode parisienne.\",\"breadcrumb\":{\"@id\":\"https:\/\/pierrelasserre.fr\/index.php\/pierre-lasserre\/#breadcrumb\"},\"inLanguage\":\"fr-FR\",\"potentialAction\":[{\"@type\":\"ReadAction\",\"target\":[\"https:\/\/pierrelasserre.fr\/index.php\/pierre-lasserre\/\"]}]},{\"@type\":\"ImageObject\",\"inLanguage\":\"fr-FR\",\"@id\":\"https:\/\/pierrelasserre.fr\/index.php\/pierre-lasserre\/#primaryimage\",\"url\":\"https:\/\/pierrelasserre.fr\/wp-content\/uploads\/2024\/10\/photo-voyage13-1.jpg?v=1730809585\",\"contentUrl\":\"https:\/\/pierrelasserre.fr\/wp-content\/uploads\/2024\/10\/photo-voyage13-1.jpg?v=1730809585\",\"width\":1500,\"height\":1000},{\"@type\":\"BreadcrumbList\",\"@id\":\"https:\/\/pierrelasserre.fr\/index.php\/pierre-lasserre\/#breadcrumb\",\"itemListElement\":[{\"@type\":\"ListItem\",\"position\":1,\"name\":\"Accueil\",\"item\":\"https:\/\/pierrelasserre.fr\/\"},{\"@type\":\"ListItem\",\"position\":2,\"name\":\"Pierre Lasserre\"}]},{\"@type\":\"WebSite\",\"@id\":\"https:\/\/pierrelasserre.fr\/#website\",\"url\":\"https:\/\/pierrelasserre.fr\/\",\"name\":\"Pierre Lasserre\",\"description\":\"Photographe - Bordeaux\",\"publisher\":{\"@id\":\"https:\/\/pierrelasserre.fr\/#organization\"},\"potentialAction\":[{\"@type\":\"SearchAction\",\"target\":{\"@type\":\"EntryPoint\",\"urlTemplate\":\"https:\/\/pierrelasserre.fr\/?s={search_term_string}\"},\"query-input\":{\"@type\":\"PropertyValueSpecification\",\"valueRequired\":true,\"valueName\":\"search_term_string\"}}],\"inLanguage\":\"fr-FR\"},{\"@type\":\"Organization\",\"@id\":\"https:\/\/pierrelasserre.fr\/#organization\",\"name\":\"Pierre Lasserre\",\"url\":\"https:\/\/pierrelasserre.fr\/\",\"logo\":{\"@type\":\"ImageObject\",\"inLanguage\":\"fr-FR\",\"@id\":\"https:\/\/pierrelasserre.fr\/#\/schema\/logo\/image\/\",\"url\":\"https:\/\/pierrelasserre.fr\/wp-content\/uploads\/2024\/10\/logo-pierre-lasserre-1.png\",\"contentUrl\":\"https:\/\/pierrelasserre.fr\/wp-content\/uploads\/2024\/10\/logo-pierre-lasserre-1.png\",\"width\":800,\"height\":183,\"caption\":\"Pierre Lasserre\"},\"image\":{\"@id\":\"https:\/\/pierrelasserre.fr\/#\/schema\/logo\/image\/\"}}]}<\/script>\n<!-- \/ Yoast SEO plugin. -->","yoast_head_json":{"title":"Pierre Lasserre - Photographe - Bordeaux","description":"Baign\u00e9 dans l\u2019image depuis tr\u00e8s longtemps, j\u2019ai \u00e9t\u00e9 rapidement passionn\u00e9 par la photographie. Apr\u00e8s des ann\u00e9es de pratique et de pers\u00e9v\u00e9rance, je suis parvenu \u00e0 \u00eatre cameraman durant ma p\u00e9riode parisienne.","robots":{"index":"index","follow":"follow","max-snippet":"max-snippet:-1","max-image-preview":"max-image-preview:large","max-video-preview":"max-video-preview:-1"},"canonical":"https:\/\/pierrelasserre.fr\/index.php\/pierre-lasserre\/","og_locale":"fr_FR","og_type":"article","og_title":"Pierre Lasserre - Photographe - Bordeaux","og_description":"Baign\u00e9 dans l\u2019image depuis tr\u00e8s longtemps, j\u2019ai \u00e9t\u00e9 rapidement passionn\u00e9 par la photographie. Apr\u00e8s des ann\u00e9es de pratique et de pers\u00e9v\u00e9rance, je suis parvenu \u00e0 \u00eatre cameraman durant ma p\u00e9riode parisienne.","og_url":"https:\/\/pierrelasserre.fr\/index.php\/pierre-lasserre\/","og_site_name":"Pierre Lasserre","article_modified_time":"2024-10-28T21:20:09+00:00","og_image":[{"width":1500,"height":1000,"url":"http:\/\/pierrelasserre.fr\/wp-content\/uploads\/2024\/10\/photo-voyage13-1.jpg","type":"image\/jpeg"}],"twitter_card":"summary_large_image","twitter_misc":{"Dur\u00e9e de lecture estim\u00e9e":"2 minutes"},"schema":{"@context":"https:\/\/schema.org","@graph":[{"@type":"WebPage","@id":"https:\/\/pierrelasserre.fr\/index.php\/pierre-lasserre\/","url":"https:\/\/pierrelasserre.fr\/index.php\/pierre-lasserre\/","name":"Pierre Lasserre - Photographe - Bordeaux","isPartOf":{"@id":"https:\/\/pierrelasserre.fr\/#website"},"primaryImageOfPage":{"@id":"https:\/\/pierrelasserre.fr\/index.php\/pierre-lasserre\/#primaryimage"},"image":{"@id":"https:\/\/pierrelasserre.fr\/index.php\/pierre-lasserre\/#primaryimage"},"thumbnailUrl":"https:\/\/pierrelasserre.fr\/wp-content\/uploads\/2024\/10\/photo-voyage13-1.jpg?v=1730809585","datePublished":"2024-10-24T14:10:49+00:00","dateModified":"2024-10-28T21:20:09+00:00","description":"Baign\u00e9 dans l\u2019image depuis tr\u00e8s longtemps, j\u2019ai \u00e9t\u00e9 rapidement passionn\u00e9 par la photographie. Apr\u00e8s des ann\u00e9es de pratique et de pers\u00e9v\u00e9rance, je suis parvenu \u00e0 \u00eatre cameraman durant ma p\u00e9riode parisienne.","breadcrumb":{"@id":"https:\/\/pierrelasserre.fr\/index.php\/pierre-lasserre\/#breadcrumb"},"inLanguage":"fr-FR","potentialAction":[{"@type":"ReadAction","target":["https:\/\/pierrelasserre.fr\/index.php\/pierre-lasserre\/"]}]},{"@type":"ImageObject","inLanguage":"fr-FR","@id":"https:\/\/pierrelasserre.fr\/index.php\/pierre-lasserre\/#primaryimage","url":"https:\/\/pierrelasserre.fr\/wp-content\/uploads\/2024\/10\/photo-voyage13-1.jpg?v=1730809585","contentUrl":"https:\/\/pierrelasserre.fr\/wp-content\/uploads\/2024\/10\/photo-voyage13-1.jpg?v=1730809585","width":1500,"height":1000},{"@type":"BreadcrumbList","@id":"https:\/\/pierrelasserre.fr\/index.php\/pierre-lasserre\/#breadcrumb","itemListElement":[{"@type":"ListItem","position":1,"name":"Accueil","item":"https:\/\/pierrelasserre.fr\/"},{"@type":"ListItem","position":2,"name":"Pierre Lasserre"}]},{"@type":"WebSite","@id":"https:\/\/pierrelasserre.fr\/#website","url":"https:\/\/pierrelasserre.fr\/","name":"Pierre Lasserre","description":"Photographe - Bordeaux","publisher":{"@id":"https:\/\/pierrelasserre.fr\/#organization"},"potentialAction":[{"@type":"SearchAction","target":{"@type":"EntryPoint","urlTemplate":"https:\/\/pierrelasserre.fr\/?s={search_term_string}"},"query-input":{"@type":"PropertyValueSpecification","valueRequired":true,"valueName":"search_term_string"}}],"inLanguage":"fr-FR"},{"@type":"Organization","@id":"https:\/\/pierrelasserre.fr\/#organization","name":"Pierre Lasserre","url":"https:\/\/pierrelasserre.fr\/","logo":{"@type":"ImageObject","inLanguage":"fr-FR","@id":"https:\/\/pierrelasserre.fr\/#\/schema\/logo\/image\/","url":"https:\/\/pierrelasserre.fr\/wp-content\/uploads\/2024\/10\/logo-pierre-lasserre-1.png","contentUrl":"https:\/\/pierrelasserre.fr\/wp-content\/uploads\/2024\/10\/logo-pierre-lasserre-1.png","width":800,"height":183,"caption":"Pierre Lasserre"},"image":{"@id":"https:\/\/pierrelasserre.fr\/#\/schema\/logo\/image\/"}}]}},"_links":{"self":[{"href":"https:\/\/pierrelasserre.fr\/index.php\/wp-json\/wp\/v2\/pages\/16","targetHints":{"allow":["GET"]}}],"collection":[{"href":"https:\/\/pierrelasserre.fr\/index.php\/wp-json\/wp\/v2\/pages"}],"about":[{"href":"https:\/\/pierrelasserre.fr\/index.php\/wp-json\/wp\/v2\/types\/page"}],"author":[{"embeddable":true,"href":"https:\/\/pierrelasserre.fr\/index.php\/wp-json\/wp\/v2\/users\/1"}],"replies":[{"embeddable":true,"href":"https:\/\/pierrelasserre.fr\/index.php\/wp-json\/wp\/v2\/comments?post=16"}],"version-history":[{"count":4,"href":"https:\/\/pierrelasserre.fr\/index.php\/wp-json\/wp\/v2\/pages\/16\/revisions"}],"predecessor-version":[{"id":125,"href":"https:\/\/pierrelasserre.fr\/index.php\/wp-json\/wp\/v2\/pages\/16\/revisions\/125"}],"wp:featuredmedia":[{"embeddable":true,"href":"https:\/\/pierrelasserre.fr\/index.php\/wp-json\/wp\/v2\/media\/122"}],"wp:attachment":[{"href":"https:\/\/pierrelasserre.fr\/index.php\/wp-json\/wp\/v2\/media?parent=16"}],"curies":[{"name":"wp","href":"https:\/\/api.w.org\/{rel}","templated":true}]}}