{"id":169,"date":"2025-10-19T10:57:56","date_gmt":"2025-10-19T08:57:56","guid":{"rendered":"https:\/\/pierrelasserre.fr\/?page_id=169"},"modified":"2025-10-19T20:32:41","modified_gmt":"2025-10-19T18:32:41","slug":"tarifs","status":"publish","type":"page","link":"https:\/\/pierrelasserre.fr\/index.php\/tarifs\/","title":{"rendered":"Tarifs"},"content":{"rendered":"<div class=\"fusion-fullwidth fullwidth-box fusion-builder-row-1 fusion-flex-container has-pattern-background has-mask-background nonhundred-percent-fullwidth non-hundred-percent-height-scrolling\" style=\"--awb-border-radius-top-left:0px;--awb-border-radius-top-right:0px;--awb-border-radius-bottom-right:0px;--awb-border-radius-bottom-left:0px;--awb-flex-wrap:wrap;\" ><div class=\"fusion-builder-row fusion-row fusion-flex-align-items-flex-start fusion-flex-content-wrap\" style=\"max-width:1248px;margin-left: calc(-4% \/ 2 );margin-right: calc(-4% \/ 2 );\"><div class=\"fusion-layout-column fusion_builder_column fusion-builder-column-0 fusion_builder_column_1_3 1_3 fusion-flex-column\" style=\"--awb-bg-size:cover;--awb-width-large:33.333333333333%;--awb-margin-top-large:0px;--awb-spacing-right-large:5.76%;--awb-margin-bottom-large:20px;--awb-spacing-left-large:5.76%;--awb-width-medium:33.333333333333%;--awb-order-medium:0;--awb-spacing-right-medium:5.76%;--awb-spacing-left-medium:5.76%;--awb-width-small:100%;--awb-order-small:0;--awb-spacing-right-small:1.92%;--awb-spacing-left-small:1.92%;\"><div class=\"fusion-column-wrapper fusion-column-has-shadow fusion-flex-justify-content-flex-start fusion-content-layout-column\"><div class=\"fusion-title title fusion-title-1 fusion-sep-none fusion-title-center fusion-title-text fusion-title-size-two\"><h2 class=\"fusion-title-heading title-heading-center\" style=\"margin:0;\"><p>Formule Solo ou Duo<\/p>\n<p><strong>120\u20ac<\/strong><\/p><\/h2><\/div><div class=\"fusion-text fusion-text-1\"><ul>\n<li style=\"text-align: center; cursor: text;\">30 min de shooting<\/li>\n<li style=\"cursor: text; text-align: center;\">Retouch\u00e9es et livr\u00e9es en haute d\u00e9finition<\/li>\n<li style=\"text-align: center;\">\u00a0Galerie priv\u00e9e<\/li>\n<\/ul>\n<\/div><div class=\"fusion-image-element \" style=\"--awb-caption-title-font-family:var(--h2_typography-font-family);--awb-caption-title-font-weight:var(--h2_typography-font-weight);--awb-caption-title-font-style:var(--h2_typography-font-style);--awb-caption-title-size:var(--h2_typography-font-size);--awb-caption-title-transform:var(--h2_typography-text-transform);--awb-caption-title-line-height:var(--h2_typography-line-height);--awb-caption-title-letter-spacing:var(--h2_typography-letter-spacing);\"><span class=\" fusion-imageframe imageframe-none imageframe-1 hover-type-none\"><img decoding=\"async\" width=\"1000\" height=\"1500\" title=\"photo-coulon\" src=\"http:\/\/pierrelasserre.fr\/wp-content\/uploads\/2025\/10\/photo-coulon.jpg\" alt class=\"img-responsive wp-image-190\" srcset=\"https:\/\/pierrelasserre.fr\/wp-content\/uploads\/2025\/10\/photo-coulon-200x300.jpg?v=1760898753 200w, https:\/\/pierrelasserre.fr\/wp-content\/uploads\/2025\/10\/photo-coulon-400x600.jpg?v=1760898753 400w, https:\/\/pierrelasserre.fr\/wp-content\/uploads\/2025\/10\/photo-coulon-600x900.jpg?v=1760898753 600w, https:\/\/pierrelasserre.fr\/wp-content\/uploads\/2025\/10\/photo-coulon-683x1024.jpg?v=1760898753 683w, https:\/\/pierrelasserre.fr\/wp-content\/uploads\/2025\/10\/photo-coulon-768x1152.jpg?v=1760898753 768w, https:\/\/pierrelasserre.fr\/wp-content\/uploads\/2025\/10\/photo-coulon-800x1200.jpg?v=1760898753 800w, https:\/\/pierrelasserre.fr\/wp-content\/uploads\/2025\/10\/photo-coulon.jpg?v=1760898753 1000w\" sizes=\"(max-width: 640px) 100vw, 400px\" \/><\/span><\/div><\/div><\/div><div class=\"fusion-layout-column fusion_builder_column fusion-builder-column-1 fusion_builder_column_1_3 1_3 fusion-flex-column\" style=\"--awb-bg-size:cover;--awb-width-large:33.333333333333%;--awb-margin-top-large:0px;--awb-spacing-right-large:5.76%;--awb-margin-bottom-large:20px;--awb-spacing-left-large:5.76%;--awb-width-medium:33.333333333333%;--awb-order-medium:0;--awb-spacing-right-medium:5.76%;--awb-spacing-left-medium:5.76%;--awb-width-small:100%;--awb-order-small:0;--awb-spacing-right-small:1.92%;--awb-spacing-left-small:1.92%;\"><div class=\"fusion-column-wrapper fusion-column-has-shadow fusion-flex-justify-content-flex-start fusion-content-layout-column\"><div class=\"fusion-title title fusion-title-2 fusion-sep-none fusion-title-center fusion-title-text fusion-title-size-two\"><h2 class=\"fusion-title-heading title-heading-center\" style=\"margin:0;\"><p>Formule 2<\/p>\n<p><strong>250\u20ac<\/strong><\/p><\/h2><\/div><div class=\"fusion-text fusion-text-2\"><ul>\n<li style=\"text-align: center; cursor: text;\">1 heure de shooting<\/li>\n<li style=\"cursor: text; text-align: center;\">Retouch\u00e9es et livr\u00e9es en haute d\u00e9finition<\/li>\n<li style=\"text-align: center;\">\u00a0Galerie priv\u00e9e<\/li>\n<\/ul>\n<\/div><div class=\"fusion-image-element \" style=\"--awb-caption-title-font-family:var(--h2_typography-font-family);--awb-caption-title-font-weight:var(--h2_typography-font-weight);--awb-caption-title-font-style:var(--h2_typography-font-style);--awb-caption-title-size:var(--h2_typography-font-size);--awb-caption-title-transform:var(--h2_typography-text-transform);--awb-caption-title-line-height:var(--h2_typography-line-height);--awb-caption-title-letter-spacing:var(--h2_typography-letter-spacing);\"><span class=\" fusion-imageframe imageframe-none imageframe-2 hover-type-none\"><img decoding=\"async\" width=\"1000\" height=\"1500\" title=\"photo-mariage1\" src=\"http:\/\/pierrelasserre.fr\/wp-content\/uploads\/2025\/09\/photo-mariage1.jpg\" alt class=\"img-responsive wp-image-165\" srcset=\"https:\/\/pierrelasserre.fr\/wp-content\/uploads\/2025\/09\/photo-mariage1-200x300.jpg 200w, https:\/\/pierrelasserre.fr\/wp-content\/uploads\/2025\/09\/photo-mariage1-400x600.jpg 400w, https:\/\/pierrelasserre.fr\/wp-content\/uploads\/2025\/09\/photo-mariage1-600x900.jpg 600w, https:\/\/pierrelasserre.fr\/wp-content\/uploads\/2025\/09\/photo-mariage1-800x1200.jpg 800w, https:\/\/pierrelasserre.fr\/wp-content\/uploads\/2025\/09\/photo-mariage1.jpg 1000w\" sizes=\"(max-width: 640px) 100vw, 400px\" \/><\/span><\/div><\/div><\/div><div class=\"fusion-layout-column fusion_builder_column fusion-builder-column-2 fusion_builder_column_1_3 1_3 fusion-flex-column\" style=\"--awb-bg-size:cover;--awb-width-large:33.333333333333%;--awb-margin-top-large:0px;--awb-spacing-right-large:5.76%;--awb-margin-bottom-large:20px;--awb-spacing-left-large:5.76%;--awb-width-medium:33.333333333333%;--awb-order-medium:0;--awb-spacing-right-medium:5.76%;--awb-spacing-left-medium:5.76%;--awb-width-small:100%;--awb-order-small:0;--awb-spacing-right-small:1.92%;--awb-spacing-left-small:1.92%;\"><div class=\"fusion-column-wrapper fusion-column-has-shadow fusion-flex-justify-content-flex-start fusion-content-layout-column\"><div class=\"fusion-title title fusion-title-3 fusion-sep-none fusion-title-center fusion-title-text fusion-title-size-two\"><h2 class=\"fusion-title-heading title-heading-center\" style=\"margin:0;\"><p>Formule 3<\/p>\n<p><strong>300\u20ac<\/strong><\/p><\/h2><\/div><div class=\"fusion-text fusion-text-3\"><ul>\n<li style=\"text-align: center; cursor: text;\">1 heure de shooting<\/li>\n<li style=\"cursor: text; text-align: center;\">Retouch\u00e9es et livr\u00e9es en haute d\u00e9finition<\/li>\n<li style=\"text-align: center;\">\u00a0Galerie priv\u00e9e<\/li>\n<li style=\"text-align: center;\">6 photos (13&#215;18), 2 photos (20&#215;30) et 2 photos (30&#215;45)<\/li>\n<\/ul>\n<\/div><div class=\"fusion-image-element \" style=\"--awb-caption-title-font-family:var(--h2_typography-font-family);--awb-caption-title-font-weight:var(--h2_typography-font-weight);--awb-caption-title-font-style:var(--h2_typography-font-style);--awb-caption-title-size:var(--h2_typography-font-size);--awb-caption-title-transform:var(--h2_typography-text-transform);--awb-caption-title-line-height:var(--h2_typography-line-height);--awb-caption-title-letter-spacing:var(--h2_typography-letter-spacing);\"><span class=\" fusion-imageframe imageframe-none imageframe-3 hover-type-none\"><img decoding=\"async\" width=\"1000\" height=\"1500\" title=\"photo-mariage4\" src=\"http:\/\/pierrelasserre.fr\/wp-content\/uploads\/2025\/08\/photo-mariage4.jpg\" alt class=\"img-responsive wp-image-151\" srcset=\"https:\/\/pierrelasserre.fr\/wp-content\/uploads\/2025\/08\/photo-mariage4-200x300.jpg 200w, https:\/\/pierrelasserre.fr\/wp-content\/uploads\/2025\/08\/photo-mariage4-400x600.jpg 400w, https:\/\/pierrelasserre.fr\/wp-content\/uploads\/2025\/08\/photo-mariage4-600x900.jpg 600w, https:\/\/pierrelasserre.fr\/wp-content\/uploads\/2025\/08\/photo-mariage4-800x1200.jpg 800w, https:\/\/pierrelasserre.fr\/wp-content\/uploads\/2025\/08\/photo-mariage4.jpg 1000w\" sizes=\"(max-width: 640px) 100vw, 400px\" \/><\/span><\/div><\/div><\/div><\/div><\/div>\n","protected":false},"excerpt":{"rendered":"","protected":false},"author":1,"featured_media":0,"parent":0,"menu_order":0,"comment_status":"closed","ping_status":"closed","template":"100-width.php","meta":{"footnotes":""},"class_list":["post-169","page","type-page","status-publish","hentry"],"yoast_head":"<!-- This site is optimized with the Yoast SEO plugin v26.1.1 - https:\/\/yoast.com\/wordpress\/plugins\/seo\/ -->\n<title>Tarifs - Pierre Lasserre<\/title>\n<meta name=\"robots\" content=\"index, follow, max-snippet:-1, max-image-preview:large, max-video-preview:-1\" \/>\n<link rel=\"canonical\" href=\"https:\/\/pierrelasserre.fr\/index.php\/tarifs\/\" \/>\n<meta property=\"og:locale\" content=\"fr_FR\" \/>\n<meta property=\"og:type\" content=\"article\" \/>\n<meta property=\"og:title\" content=\"Tarifs - Pierre Lasserre\" \/>\n<meta property=\"og:url\" content=\"https:\/\/pierrelasserre.fr\/index.php\/tarifs\/\" \/>\n<meta property=\"og:site_name\" content=\"Pierre Lasserre\" \/>\n<meta property=\"article:modified_time\" content=\"2025-10-19T18:32:41+00:00\" \/>\n<meta property=\"og:image\" content=\"https:\/\/pierrelasserre.fr\/wp-content\/uploads\/2024\/10\/photo-voyage13-1.jpg?v=1730809585\" \/>\n\t<meta property=\"og:image:width\" content=\"1500\" \/>\n\t<meta property=\"og:image:height\" content=\"1000\" \/>\n\t<meta property=\"og:image:type\" content=\"image\/jpeg\" \/>\n<meta name=\"twitter:card\" content=\"summary_large_image\" \/>\n<meta name=\"twitter:label1\" content=\"Dur\u00e9e de lecture estim\u00e9e\" \/>\n\t<meta name=\"twitter:data1\" content=\"1 minute\" \/>\n<script type=\"application\/ld+json\" class=\"yoast-schema-graph\">{\"@context\":\"https:\/\/schema.org\",\"@graph\":[{\"@type\":\"WebPage\",\"@id\":\"https:\/\/pierrelasserre.fr\/index.php\/tarifs\/\",\"url\":\"https:\/\/pierrelasserre.fr\/index.php\/tarifs\/\",\"name\":\"Tarifs - Pierre Lasserre\",\"isPartOf\":{\"@id\":\"https:\/\/pierrelasserre.fr\/#website\"},\"datePublished\":\"2025-10-19T08:57:56+00:00\",\"dateModified\":\"2025-10-19T18:32:41+00:00\",\"breadcrumb\":{\"@id\":\"https:\/\/pierrelasserre.fr\/index.php\/tarifs\/#breadcrumb\"},\"inLanguage\":\"fr-FR\",\"potentialAction\":[{\"@type\":\"ReadAction\",\"target\":[\"https:\/\/pierrelasserre.fr\/index.php\/tarifs\/\"]}]},{\"@type\":\"BreadcrumbList\",\"@id\":\"https:\/\/pierrelasserre.fr\/index.php\/tarifs\/#breadcrumb\",\"itemListElement\":[{\"@type\":\"ListItem\",\"position\":1,\"name\":\"Accueil\",\"item\":\"https:\/\/pierrelasserre.fr\/\"},{\"@type\":\"ListItem\",\"position\":2,\"name\":\"Tarifs\"}]},{\"@type\":\"WebSite\",\"@id\":\"https:\/\/pierrelasserre.fr\/#website\",\"url\":\"https:\/\/pierrelasserre.fr\/\",\"name\":\"Pierre Lasserre\",\"description\":\"Photographe - Bordeaux\",\"publisher\":{\"@id\":\"https:\/\/pierrelasserre.fr\/#organization\"},\"potentialAction\":[{\"@type\":\"SearchAction\",\"target\":{\"@type\":\"EntryPoint\",\"urlTemplate\":\"https:\/\/pierrelasserre.fr\/?s={search_term_string}\"},\"query-input\":{\"@type\":\"PropertyValueSpecification\",\"valueRequired\":true,\"valueName\":\"search_term_string\"}}],\"inLanguage\":\"fr-FR\"},{\"@type\":\"Organization\",\"@id\":\"https:\/\/pierrelasserre.fr\/#organization\",\"name\":\"Pierre Lasserre\",\"url\":\"https:\/\/pierrelasserre.fr\/\",\"logo\":{\"@type\":\"ImageObject\",\"inLanguage\":\"fr-FR\",\"@id\":\"https:\/\/pierrelasserre.fr\/#\/schema\/logo\/image\/\",\"url\":\"https:\/\/pierrelasserre.fr\/wp-content\/uploads\/2024\/10\/logo-pierre-lasserre-1.png\",\"contentUrl\":\"https:\/\/pierrelasserre.fr\/wp-content\/uploads\/2024\/10\/logo-pierre-lasserre-1.png\",\"width\":800,\"height\":183,\"caption\":\"Pierre Lasserre\"},\"image\":{\"@id\":\"https:\/\/pierrelasserre.fr\/#\/schema\/logo\/image\/\"}}]}<\/script>\n<!-- \/ Yoast SEO plugin. -->","yoast_head_json":{"title":"Tarifs - Pierre Lasserre","robots":{"index":"index","follow":"follow","max-snippet":"max-snippet:-1","max-image-preview":"max-image-preview:large","max-video-preview":"max-video-preview:-1"},"canonical":"https:\/\/pierrelasserre.fr\/index.php\/tarifs\/","og_locale":"fr_FR","og_type":"article","og_title":"Tarifs - Pierre Lasserre","og_url":"https:\/\/pierrelasserre.fr\/index.php\/tarifs\/","og_site_name":"Pierre Lasserre","article_modified_time":"2025-10-19T18:32:41+00:00","og_image":[{"width":1500,"height":1000,"url":"https:\/\/pierrelasserre.fr\/wp-content\/uploads\/2024\/10\/photo-voyage13-1.jpg?v=1730809585","type":"image\/jpeg"}],"twitter_card":"summary_large_image","twitter_misc":{"Dur\u00e9e de lecture estim\u00e9e":"1 minute"},"schema":{"@context":"https:\/\/schema.org","@graph":[{"@type":"WebPage","@id":"https:\/\/pierrelasserre.fr\/index.php\/tarifs\/","url":"https:\/\/pierrelasserre.fr\/index.php\/tarifs\/","name":"Tarifs - Pierre Lasserre","isPartOf":{"@id":"https:\/\/pierrelasserre.fr\/#website"},"datePublished":"2025-10-19T08:57:56+00:00","dateModified":"2025-10-19T18:32:41+00:00","breadcrumb":{"@id":"https:\/\/pierrelasserre.fr\/index.php\/tarifs\/#breadcrumb"},"inLanguage":"fr-FR","potentialAction":[{"@type":"ReadAction","target":["https:\/\/pierrelasserre.fr\/index.php\/tarifs\/"]}]},{"@type":"BreadcrumbList","@id":"https:\/\/pierrelasserre.fr\/index.php\/tarifs\/#breadcrumb","itemListElement":[{"@type":"ListItem","position":1,"name":"Accueil","item":"https:\/\/pierrelasserre.fr\/"},{"@type":"ListItem","position":2,"name":"Tarifs"}]},{"@type":"WebSite","@id":"https:\/\/pierrelasserre.fr\/#website","url":"https:\/\/pierrelasserre.fr\/","name":"Pierre Lasserre","description":"Photographe - Bordeaux","publisher":{"@id":"https:\/\/pierrelasserre.fr\/#organization"},"potentialAction":[{"@type":"SearchAction","target":{"@type":"EntryPoint","urlTemplate":"https:\/\/pierrelasserre.fr\/?s={search_term_string}"},"query-input":{"@type":"PropertyValueSpecification","valueRequired":true,"valueName":"search_term_string"}}],"inLanguage":"fr-FR"},{"@type":"Organization","@id":"https:\/\/pierrelasserre.fr\/#organization","name":"Pierre Lasserre","url":"https:\/\/pierrelasserre.fr\/","logo":{"@type":"ImageObject","inLanguage":"fr-FR","@id":"https:\/\/pierrelasserre.fr\/#\/schema\/logo\/image\/","url":"https:\/\/pierrelasserre.fr\/wp-content\/uploads\/2024\/10\/logo-pierre-lasserre-1.png","contentUrl":"https:\/\/pierrelasserre.fr\/wp-content\/uploads\/2024\/10\/logo-pierre-lasserre-1.png","width":800,"height":183,"caption":"Pierre Lasserre"},"image":{"@id":"https:\/\/pierrelasserre.fr\/#\/schema\/logo\/image\/"}}]}},"_links":{"self":[{"href":"https:\/\/pierrelasserre.fr\/index.php\/wp-json\/wp\/v2\/pages\/169","targetHints":{"allow":["GET"]}}],"collection":[{"href":"https:\/\/pierrelasserre.fr\/index.php\/wp-json\/wp\/v2\/pages"}],"about":[{"href":"https:\/\/pierrelasserre.fr\/index.php\/wp-json\/wp\/v2\/types\/page"}],"author":[{"embeddable":true,"href":"https:\/\/pierrelasserre.fr\/index.php\/wp-json\/wp\/v2\/users\/1"}],"replies":[{"embeddable":true,"href":"https:\/\/pierrelasserre.fr\/index.php\/wp-json\/wp\/v2\/comments?post=169"}],"version-history":[{"count":14,"href":"https:\/\/pierrelasserre.fr\/index.php\/wp-json\/wp\/v2\/pages\/169\/revisions"}],"predecessor-version":[{"id":193,"href":"https:\/\/pierrelasserre.fr\/index.php\/wp-json\/wp\/v2\/pages\/169\/revisions\/193"}],"wp:attachment":[{"href":"https:\/\/pierrelasserre.fr\/index.php\/wp-json\/wp\/v2\/media?parent=169"}],"curies":[{"name":"wp","href":"https:\/\/api.w.org\/{rel}","templated":true}]}}